{"id":29,"date":"2020-07-05T14:21:24","date_gmt":"2020-07-05T17:21:24","guid":{"rendered":"https:\/\/www.zapptreinamentos.com.br\/novo\/?page_id=29"},"modified":"2026-01-03T12:53:33","modified_gmt":"2026-01-03T15:53:33","slug":"home","status":"publish","type":"page","link":"https:\/\/www.zapptreinamentos.com.br\/novo\/","title":{"rendered":"home"},"content":{"rendered":"\n\n\t\t\t<a href=\"#\" target=\"_self\" aria-label=\"Treinamento online e ao vivo\"><\/a>\t\t\t\n\t\t\t\t<h3>Treinamento online e ao vivo<\/h3><p>&nbsp;<\/p>\n<p>Al\u00e9m de promover os eventos abertos e in company&#8221;, estamos promovendo cursos na modalidade online e ao vivo.<\/p>\n\t\t\t<img decoding=\"async\" loading=\"false\" src=\"https:\/\/www.zapptreinamentos.com.br\/novo\/wp-content\/uploads\/2020\/07\/handshake-hands-laptop-3382503.jpg\" alt=\"\" \/><a href=\"#\" target=\"_self\" aria-label=\"Consultoria online ou a dist\u00e2ncia\"><\/a>\t\t\t\n\t\t\t\t<h3>Consultoria online ou a dist\u00e2ncia<\/h3><p>A\u00a0consultoria online, ou\u00a0consultoria \u00e0 dist\u00e2ncia, nada mais \u00e9 do que voc\u00ea ou sua empresa serem atendidos por um consultor sem reuni\u00f5es presenciais.<\/p>\n<p>As sess\u00f5es de trabalho s\u00e3o feitas utilizando aplicativos como o Skype, Zoom ou Team e as trocas de informa\u00e7\u00f5es e arquivos utilizando e-mail, WhatsApp ou telefone.<\/p>\n\t\t\t<img decoding=\"async\" loading=\"false\" src=\"https:\/\/www.zapptreinamentos.com.br\/novo\/wp-content\/uploads\/2020\/07\/corona-coronavirus-virus-4983590.jpg\" alt=\"\" \/><a href=\"#\" target=\"_self\" aria-label=\"Auditoria remota\"><\/a>\t\t\t\n\t\t\t\t<h3>Auditoria remota<\/h3><p>&nbsp;<\/p>\n<p>Uma auditoria remota \u00e9 realizada parcialmente ou completamente fora do local, usando aplicativos m\u00f3veis ou de desktop. A auditoria consistir\u00e1 em tudo o que normalmente \u00e9 inclu\u00eddo em uma auditoria no local.<\/p>\n<p>O pessoal com responsabilidades relacionadas ao plano de auditoria precisar\u00e1 estar dispon\u00edvel para as partes relevantes da auditoria. A alta ger\u00eancia tamb\u00e9m precisar\u00e1 estar dispon\u00edvel para partes relevantes da auditoria, incluindo as reuni\u00f5es de abertura e encerramento.<\/p>\n\t\t\t\t<a href=\"#\" aria-label=\"previous\" role=\"button\">\n<\/a>\n\t\t\t\t<a href=\"#\" aria-label=\"next\" role=\"button\">\n<\/a>\n<h2>\n\t\t\tBem-vindo a Zapp\t<\/h2>\n\t\n<p>Prestamos servi\u00e7os de consultoria e treinamentos na implanta\u00e7\u00e3o de sistemas de gest\u00e3o para empresas industriais e comerciais de todos os segmentos de atividade, para laborat\u00f3rios de\u00a0 ensaios e empresas do setor de servi\u00e7os. Alocamos nessas consultorias especialistas das mais diferentes \u00e1reas tecnol\u00f3gicas.<\/p>\n\t\t\t\t<img decoding=\"async\" src=\"https:\/\/www.zapptreinamentos.com.br\/novo\/wp-content\/uploads\/2020\/07\/office-business-colleagues-1209640.jpg\" alt=\"office, business, colleagues\" itemprop=\"image\" height=\"854\" width=\"1280\" title=\"office, business, colleagues-1209640\" onerror=\"this.style.display='none'\" loading=\"lazy\" \/>\n\t<h1>O que \u00e9 um Auditoria Remota?<\/h1>\n\t<p>A auditoria remota \u00e9 aquela realizada parcial ou completamente de forma remota, utilizando aplicativos de dispositivos m\u00f3veis ou computador. Esta auditoria abrange tudo que uma auditoria on-site normalmente incluiria. Os colaboradores com responsabilidades relacionadas ao plano de auditoria precisar\u00e3o estar dispon\u00edveis para realizar as atividades pertinentes da auditoria. A alta dire\u00e7\u00e3o precisar\u00e1 estar dispon\u00edvel para realizar as atividades pertinentes da auditoria, inclusive as reuni\u00f5es de abertura e de encerramento.<\/p>\n\t<h1>E se a Auditoria Remota n\u00e3o abranger tudo?<\/h1>\n\t<p>Tentaremos concluir o m\u00e1ximo poss\u00edvel da auditoria remota. Sempre que n\u00e3o pudermos verificar integralmente a efic\u00e1cia de seu sistema de gest\u00e3o e, portanto, n\u00e3o pudermos concluir totalmente sua auditoria remota, ent\u00e3o tomaremos provid\u00eancias para concluir as atividades in loco posteriormente.<\/p>\n\t\t\t\t<img decoding=\"async\" src=\"https:\/\/www.zapptreinamentos.com.br\/novo\/wp-content\/uploads\/2020\/07\/mortgage-house-contract-5266520.jpg\" alt=\"mortgage, house, contract\" itemprop=\"image\" height=\"854\" width=\"1280\" title=\"mortgage, house, contract-5266520\" onerror=\"this.style.display='none'\" loading=\"lazy\" \/>\n<h2>\n\t\t\tNossa Equipe\t<\/h2>\n\t\n<p>A excel\u00eancia nos neg\u00f3cios come\u00e7a com as pessoas, e a maneira mais f\u00e1cil e mais eficaz para se conseguir isso \u00e9 trabalhando com aqueles que j\u00e1 incorporam excel\u00eancia em outras organiza\u00e7\u00f5es. Formada por profissionais de diferentes \u00e1reas e com viv\u00eancia de mercado. A equipe da Zapp Assessoria e Treinamentos \u00e9 completa.<\/p>\n\t<h2>Conhe\u00e7a nossos cursos.<\/h2>\n\t<p>Cursos completos para voc\u00ea dominar as principais exig\u00eancias do mercado de Ind\u00fastrias. Para voc\u00ea entender os processos e as certifica\u00e7\u00f5es .<\/p>\n\t\t\t<a href=\"https:\/\/www.zapptreinamentos.com.br\/novo\/cursos\/\" target=\"_self\">\n\t\t\t\t\t\t\tClique aqui \n\t\t\t\t\t<\/a>\n<h2>\n\t\t\tAGENDA DE TREINAMENTOS\t<\/h2>\n\t<p><strong>Cursos presenciais e a dist\u00e2ncia<\/strong><\/p>\n<p>Cada vez mais, empresas est\u00e3o vivenciando uma mudan\u00e7a para o trabalho remoto. Nesse cen\u00e1rio, n\u00f3s podemos oferecer uma s\u00e9rie de treinamentos online. Os nossos Cursos P\u00fablicos e In Company podem agora ser ministrados remotamente. O qu\u00f3rum m\u00ednimo para nossos eventos \u00e9 de no m\u00ednimo 12 participantes.<\/p>\n<p><strong>ONLINE AO VIVO<\/strong><\/p>\n\t\t\t\t<a href=\"https:\/\/www.zapptreinamentos.com.br\/novo\/faca-sua-inscricao\/\"  target=\"_self\" itemprop=\"url\">\n\t\t\t\t<img decoding=\"async\" src=\"https:\/\/www.zapptreinamentos.com.br\/novo\/wp-content\/uploads\/2026\/01\/tabela-cursos-zapp-agenda-2026.jpg\" alt=\"tabela-cursos-zapp-agenda-2026\" itemprop=\"image\" height=\"483\" width=\"1234\" title=\"tabela-cursos-zapp-agenda-2026\" onerror=\"this.style.display='none'\" loading=\"lazy\" \/>\n\t\t\t\t<\/a>\n\t\t\t<a href =\"https:\/\/www.zapptreinamentos.com.br\/novo\/faca-sua-inscricao\/\" target=\"_self\"  aria-label=\" FA\u00c7A SUA INSCRI\u00c7\u00c3O\">\n\t\t\t\t\t\tFA\u00c7A SUA INSCRI\u00c7\u00c3O\t\t\t\t\t\n\t\t\t\t\t\t<\/a>\n\t<p>Nossos clientes Recomendam:<\/p>\n\t\t\t<p>A Zapp Assessoria e Treinamentos \u00e9 uma empresa id\u00f4nea com profissionais competentes e capacitados, sempre dispostos a solucionar as d\u00favidas que surgem e nos mostrando as melhores formas e maneiras de seguir nossos projetos.-Ana Beatriz Amorim Loureiro, Diretora &#8211; Fechometal &#8211; RJ<\/p>\t\t\n\t\t\t<p>A Zapp Assessoria forneceu suporte na implanta\u00e7\u00e3o de nosso sistema de gest\u00e3o da qualidade com base nos requisitos PBQP-H), demonstrando responsabilidade e capacidade para atingimentos de nossos objetivos.- Thatiane Vacchi Pereira, \u00a0Construtora Vacchi -Ltda Sorocaba &#8211; SP<\/p>\t\t\n\t\t\t<p>Contamos com o apoio da Zapp Assessoria para implanta\u00e7\u00e3o de nosso sistema de gest\u00e3o da qualidade (ISO 9001 e PBQP-H)com base nos requisitos PBQP-H), demonstrando responsabilidade e idoneidade, sempre dispostos a solucionar d\u00favidas e nos mostrando as melhores formas para atingimento de nossos objetivos.- Lucas Teles da Silva, Engenheiro &#8211;\u00a0 Geratriz Construtora e Incorporadora Ltda.\u00a0 \u00a0 \u00a0 \u00a0 \u00a0 \u00a0 \u00a0 \u00a0 \u00a0 \u00a0 \u00a0 \u00a0 \u00a0 \u00a0 \u00a0 \u00a0 \u00a0 \u00a0 \u00a0 \u00a0 \u00a0 \u00a0 \u00a0 \u00a0 \u00a0 \u00a0 \u00a0 \u00a0 \u00a0\u00a0<\/p>\t\t\n\t\t\t<p>Realizei o curso de Gest\u00e3o de Riscos na Constru\u00e7\u00e3o Civil com o Pedro Vieira.Trouxe de forma did\u00e1tica e pr\u00e1tica, maneiras de aplica\u00e7\u00e3o de ferramentas muito \u00fateis como FMEA, APR, GUT, diagrama de causa e efeito\u00a0 com base nas discuss\u00f5es por meio de brainstormings, enfatizando suas aplicabilidades no dia a dia do canteiro de obras.-Eng. Marcelo Cruz &#8211; Visconde Construtora e Incorporadora, Sorocaba &#8211; SP<\/p>\t\t\n\t\t\t<p>Estamos contando com o suporte dos consultores da Zapp Assessoria, empresa com profissionais competentes e capacitados, sempre dispostos a solucionar as d\u00favidas implantamos o sistema de gest\u00e3o da qualidade conforme os requisitos da ISO 9001.-Ernani A. A. de Almeida &#8211; Concrefiber do Brasil, Sorocaba &#8211; SP<\/p>\t\t\n\t\t\t<p>A Construtora WCuri, concede ao profissional Pedro Antonio Vieira o reconhecimento por relevantes servi\u00e7os prestados com dedica\u00e7\u00e3o e efici\u00eancia, em favor dos Certificados de Qualidade ISO 9001 e SiAC 2018.-Eng\u00aa Francismari J. de A. Casagrande &#8211; Construtora WCuri, Itapetininga &#8211; SP<\/p>\t\t\n\t\t\t<p>Gra\u00e7as a expertise de consultores da Zapp Assessoria e Treinamentos somados ao nosso time interno, fizeram a diferen\u00e7a para conseguirmos a certifica\u00e7\u00e3o na ISO 9001 e de nossos produtos.Ana Paula DutraDiretora AdministrativoFab Pisos Elevados\u00a0<\/p>\t\t\n\t\t\t\t<img decoding=\"async\" src=\"https:\/\/demos.wpbeaverbuilder.com\/wp-content\/uploads\/sites\/4\/2014\/03\/headshot.png\" alt=\"\" itemprop=\"image\" onerror=\"this.style.display='none'\" loading=\"lazy\" \/>\n\t<p>D\u00favidas? sugest\u00f5es?<\/p>\n<p>Fale conosco. Queremos saber, do que voc\u00ea precisa?<\/p>\n\t\t\t\t<img decoding=\"async\" src=\"https:\/\/www.zapptreinamentos.com.br\/novo\/wp-content\/plugins\/bb-plugin\/img\/pixel.png\" alt=\"\" itemprop=\"image\" onerror=\"this.style.display='none'\" loading=\"lazy\" \/>\n\n","protected":false},"excerpt":{"rendered":"<p>Treinamento online e ao vivo &nbsp; Al\u00e9m de promover os eventos abertos e in company&#8221;, estamos promovendo cursos na modalidade online e ao vivo. Consultoria online ou a dist\u00e2ncia A\u00a0consultoria [&hellip;]<\/p>\n","protected":false},"author":3,"featured_media":0,"parent":0,"menu_order":0,"comment_status":"closed","ping_status":"closed","template":"","meta":{"site-sidebar-layout":"no-sidebar","site-content-layout":"page-builder","ast-site-content-layout":"default","site-content-style":"default","site-sidebar-style":"default","ast-global-header-display":"","ast-banner-title-visibility":"","ast-main-header-display":"","ast-hfb-above-header-display":"","ast-hfb-below-header-display":"","ast-hfb-mobile-header-display":"","site-post-title":"disabled","ast-breadcrumbs-content":"","ast-featured-img":"disabled","footer-sml-layout":"","ast-disable-related-posts":"","theme-transparent-header-meta":"default","adv-header-id-meta":"","stick-header-meta":"","header-above-stick-meta":"","header-main-stick-meta":"","header-below-stick-meta":"","astra-migrate-meta-layouts":"default","ast-page-background-enabled":"default","ast-page-background-meta":{"desktop":{"background-color":"","background-image":"","background-repeat":"repeat","background-position":"center center","background-size":"auto","background-attachment":"scroll","background-type":"","background-media":"","overlay-type":"","overlay-color":"","overlay-opacity":"","overlay-gradient":""},"tablet":{"background-color":"","background-image":"","background-repeat":"repeat","background-position":"center center","background-size":"auto","background-attachment":"scroll","background-type":"","background-media":"","overlay-type":"","overlay-color":"","overlay-opacity":"","overlay-gradient":""},"mobile":{"background-color":"","background-image":"","background-repeat":"repeat","background-position":"center center","background-size":"auto","background-attachment":"scroll","background-type":"","background-media":"","overlay-type":"","overlay-color":"","overlay-opacity":"","overlay-gradient":""}},"ast-content-background-meta":{"desktop":{"background-color":"var(--ast-global-color-5)","background-image":"","background-repeat":"repeat","background-position":"center center","background-size":"auto","background-attachment":"scroll","background-type":"","background-media":"","overlay-type":"","overlay-color":"","overlay-opacity":"","overlay-gradient":""},"tablet":{"background-color":"var(--ast-global-color-5)","background-image":"","background-repeat":"repeat","background-position":"center center","background-size":"auto","background-attachment":"scroll","background-type":"","background-media":"","overlay-type":"","overlay-color":"","overlay-opacity":"","overlay-gradient":""},"mobile":{"background-color":"var(--ast-global-color-5)","background-image":"","background-repeat":"repeat","background-position":"center center","background-size":"auto","background-attachment":"scroll","background-type":"","background-media":"","overlay-type":"","overlay-color":"","overlay-opacity":"","overlay-gradient":""}},"footnotes":""},"class_list":["post-29","page","type-page","status-publish","hentry"],"_links":{"self":[{"href":"https:\/\/www.zapptreinamentos.com.br\/novo\/wp-json\/wp\/v2\/pages\/29","targetHints":{"allow":["GET"]}}],"collection":[{"href":"https:\/\/www.zapptreinamentos.com.br\/novo\/wp-json\/wp\/v2\/pages"}],"about":[{"href":"https:\/\/www.zapptreinamentos.com.br\/novo\/wp-json\/wp\/v2\/types\/page"}],"author":[{"embeddable":true,"href":"https:\/\/www.zapptreinamentos.com.br\/novo\/wp-json\/wp\/v2\/users\/3"}],"replies":[{"embeddable":true,"href":"https:\/\/www.zapptreinamentos.com.br\/novo\/wp-json\/wp\/v2\/comments?post=29"}],"version-history":[{"count":6,"href":"https:\/\/www.zapptreinamentos.com.br\/novo\/wp-json\/wp\/v2\/pages\/29\/revisions"}],"predecessor-version":[{"id":144547,"href":"https:\/\/www.zapptreinamentos.com.br\/novo\/wp-json\/wp\/v2\/pages\/29\/revisions\/144547"}],"wp:attachment":[{"href":"https:\/\/www.zapptreinamentos.com.br\/novo\/wp-json\/wp\/v2\/media?parent=29"}],"curies":[{"name":"wp","href":"https:\/\/api.w.org\/{rel}","templated":true}]}}