{"id":76,"date":"2020-07-05T19:14:28","date_gmt":"2020-07-05T22:14:28","guid":{"rendered":"https:\/\/www.zapptreinamentos.com.br\/novo\/?page_id=76"},"modified":"2024-05-23T16:57:22","modified_gmt":"2024-05-23T19:57:22","slug":"quem-somos","status":"publish","type":"page","link":"https:\/\/www.zapptreinamentos.com.br\/novo\/quem-somos\/","title":{"rendered":"Quem somos"},"content":{"rendered":"\n\n\t\t\t<img decoding=\"async\" loading='false' src=\"https:\/\/www.zapptreinamentos.com.br\/novo\/wp-content\/uploads\/2020\/07\/creativity-idea-inspiration-819371.jpg\" alt=\"\" \/><a href=\"#\" target=\"_self\" aria-label=\"Somos a ZAPP Consultoria \" rel=\"noopener\"><\/a>\t\t\t\n\t\t\t\t<h2>Somos a ZAPP Consultoria <\/h2><p>Para ajudar voc\u00ea a adequar sua empresa para o mundo.<\/p>\n<h3>\n\t\tEntregramos mais do que s\u00f3 consultoria. Entregamos valor para seu neg\u00f3cio.\n\t<\/h3>\n\t<p>Solu\u00e7\u00f5es de valor normalmente resultam em mudan\u00e7as estrat\u00e9gicas efetivamente implementadas. A\u00a0<b>ZAPP<\/b>\u00a0acredita que deve existir um comprometimento m\u00fatuo entre cliente e consultor, para que em um ambiente de parceria possa ocorrer a transforma\u00e7\u00e3o organizacional que leve ao sucesso.<\/p>\n<p>As solu\u00e7\u00f5es de valor oferecidas ao cliente s\u00e3o frutos de anos de experi\u00eancia de nossa equipe nos mais variados segmentos da ind\u00fastria.<\/p>\n<p>Como n\u00e3o poderia deixar de ser, a\u00a0<b>ZAPP<\/b>\u00a0pratica grande parte das t\u00e9cnicas e metodologias aplicadas aos clientes.<\/p>\n<p>Entretanto essas metodologias, destacamos Sistemas de Gest\u00e3o da Qualidade ISO 9001, ISO TS 16969, Gest\u00e3o Ambiental ISO 14001, ISO 45001 Seguran\u00e7a e Sa\u00fade Ocupacional e Programa Evolutivo PBQP-H.<\/p>\n\t<p>Atuando desde 2004 no mercado com sucesso, conta com uma equipe de profissionais competentes para desenvolver e implementar projetos em Sistemas de Gest\u00e3o, nas mais variadas normas como ISO 9001, ISO 14001, ISO\/IEC\u00a0 17020, ISO\/IEC 17021-1 , ISO\/IEC 17025, ISO 45001, IATF 16949, Regimento SiAC\/PBQP-H, Boas Pr\u00e1ticas de Fabrica\u00e7\u00e3o (BPF), gerando solu\u00e7\u00f5es personalizadas em consultorias, auditorias e treinamentos para otimizar os processos e aumentar a competitividade.<\/p>\n<h3>\n\t\tMiss\u00e3o\n\t<\/h3>\n\t<p>A\u00a0<strong>ZAPP Assessoria e Treinamento <\/strong>tem como miss\u00e3o orientar nossos parceiros para o seu crescimento progressivo. Nos esfor\u00e7ando para continuamente melhorar a nossa resposta em rela\u00e7\u00e3o as necessidades e desejos de nossos clientes, colaboradores, parceiros e comunidade nas quais servimos.<\/p>\n<h3>\n\t\tVis\u00e3o\n\t<\/h3>\n\t<p>Contribuir com o desenvolvimento social e profissional de toda a comunidade atendida por n\u00f3s. Se tornando refer\u00eancia m\u00e1xima no segmento que atuamos ao lado de grandes empresas atendidas por n\u00f3s. Buscando sempre seguir os <strong>padr\u00f5es da cidadania<\/strong> na comunidade onde atuamos; fortalecendo nossas empresas parceiras para \u00a0um <strong>crescimento\u00a0financeiro\u00a0de longo prazo, consistente, e o melhor retorno poss\u00edvel&#8230;.<\/strong><\/p>\n<h3>\n\t\tValores\n\t<\/h3>\n\t&#8211; Fornecer a nossos clientes produtos e servi\u00e7os de <strong>qualidade e valor consistentemente<\/strong> alto, Mantendo um <strong>forte esp\u00edrito de equipe<\/strong> atrav\u00e9s de <strong>compromisso m\u00fatuo; \u00e9tica, dedica\u00e7\u00e3o e trabalho.<\/strong>\n<h4>\n\t\t&#8220;Descobri que, quanto mais eu trabalho, mais sorte eu pare\u00e7o ter&#8221; &#8211; Thomas Jefferson\n\t<\/h4>\n<h3>\n\t\tThomas Jefferson foi o terceiro presidente dos Estados Unidos e o principal autor da declara\u00e7\u00e3o de independ\u00eancia dos Estados Unidos. \n\t<\/h3>\n\n","protected":false},"excerpt":{"rendered":"<p>Somos a ZAPP Consultoria Para ajudar voc\u00ea a adequar sua empresa para o mundo. Entregramos mais do que s\u00f3 consultoria. Entregamos valor para seu neg\u00f3cio. Solu\u00e7\u00f5es de valor normalmente resultam [&hellip;]<\/p>\n","protected":false},"author":3,"featured_media":0,"parent":0,"menu_order":0,"comment_status":"closed","ping_status":"closed","template":"","meta":{"site-sidebar-layout":"no-sidebar","site-content-layout":"page-builder","ast-site-content-layout":"default","site-content-style":"default","site-sidebar-style":"default","ast-global-header-display":"","ast-banner-title-visibility":"","ast-main-header-display":"","ast-hfb-above-header-display":"","ast-hfb-below-header-display":"","ast-hfb-mobile-header-display":"","site-post-title":"disabled","ast-breadcrumbs-content":"","ast-featured-img":"disabled","footer-sml-layout":"","ast-disable-related-posts":"","theme-transparent-header-meta":"default","adv-header-id-meta":"","stick-header-meta":"","header-above-stick-meta":"","header-main-stick-meta":"","header-below-stick-meta":"","astra-migrate-meta-layouts":"default","ast-page-background-enabled":"default","ast-page-background-meta":{"desktop":{"background-color":"","background-image":"","background-repeat":"repeat","background-position":"center center","background-size":"auto","background-attachment":"scroll","background-type":"","background-media":"","overlay-type":"","overlay-color":"","overlay-opacity":"","overlay-gradient":""},"tablet":{"background-color":"","background-image":"","background-repeat":"repeat","background-position":"center center","background-size":"auto","background-attachment":"scroll","background-type":"","background-media":"","overlay-type":"","overlay-color":"","overlay-opacity":"","overlay-gradient":""},"mobile":{"background-color":"","background-image":"","background-repeat":"repeat","background-position":"center center","background-size":"auto","background-attachment":"scroll","background-type":"","background-media":"","overlay-type":"","overlay-color":"","overlay-opacity":"","overlay-gradient":""}},"ast-content-background-meta":{"desktop":{"background-color":"var(--ast-global-color-5)","background-image":"","background-repeat":"repeat","background-position":"center center","background-size":"auto","background-attachment":"scroll","background-type":"","background-media":"","overlay-type":"","overlay-color":"","overlay-opacity":"","overlay-gradient":""},"tablet":{"background-color":"var(--ast-global-color-5)","background-image":"","background-repeat":"repeat","background-position":"center center","background-size":"auto","background-attachment":"scroll","background-type":"","background-media":"","overlay-type":"","overlay-color":"","overlay-opacity":"","overlay-gradient":""},"mobile":{"background-color":"var(--ast-global-color-5)","background-image":"","background-repeat":"repeat","background-position":"center center","background-size":"auto","background-attachment":"scroll","background-type":"","background-media":"","overlay-type":"","overlay-color":"","overlay-opacity":"","overlay-gradient":""}},"footnotes":""},"class_list":["post-76","page","type-page","status-publish","hentry"],"_links":{"self":[{"href":"https:\/\/www.zapptreinamentos.com.br\/novo\/wp-json\/wp\/v2\/pages\/76","targetHints":{"allow":["GET"]}}],"collection":[{"href":"https:\/\/www.zapptreinamentos.com.br\/novo\/wp-json\/wp\/v2\/pages"}],"about":[{"href":"https:\/\/www.zapptreinamentos.com.br\/novo\/wp-json\/wp\/v2\/types\/page"}],"author":[{"embeddable":true,"href":"https:\/\/www.zapptreinamentos.com.br\/novo\/wp-json\/wp\/v2\/users\/3"}],"replies":[{"embeddable":true,"href":"https:\/\/www.zapptreinamentos.com.br\/novo\/wp-json\/wp\/v2\/comments?post=76"}],"version-history":[{"count":0,"href":"https:\/\/www.zapptreinamentos.com.br\/novo\/wp-json\/wp\/v2\/pages\/76\/revisions"}],"wp:attachment":[{"href":"https:\/\/www.zapptreinamentos.com.br\/novo\/wp-json\/wp\/v2\/media?parent=76"}],"curies":[{"name":"wp","href":"https:\/\/api.w.org\/{rel}","templated":true}]}}